{"id":7045,"date":"2021-02-22T18:37:03","date_gmt":"2021-02-22T18:37:03","guid":{"rendered":"http:\/\/genesisarg.com\/financiamientosostenible\/?page_id=7045"},"modified":"2021-03-10T20:46:02","modified_gmt":"2021-03-10T20:46:02","slug":"home-financiamiento-sostenible","status":"publish","type":"page","link":"https:\/\/genesisarg.com\/financiamientosostenible\/","title":{"rendered":"Home Financiamiento Sostenible"},"content":{"rendered":"<p>[vc_row el_class=&#8221;row-slider-home&#8221;][vc_column][rev_slider_vc alias=&#8221;main-slider-1&#8243;][\/vc_column][\/vc_row][vc_row][vc_column][stm_spacing lg_spacing=&#8221;103&#8243; md_spacing=&#8221;103&#8243; sm_spacing=&#8221;60&#8243; xs_spacing=&#8221;40&#8243;][vc_row_inner][vc_column_inner width=&#8221;1\/3&#8243; offset=&#8221;vc_col-lg-4 vc_col-md-6&#8243;][vc_custom_heading stripe_pos=&#8221;hide&#8221; text=&#8221;El Proyecto&#8221; use_theme_fonts=&#8221;yes&#8221; css=&#8221;.vc_custom_1613999544264{margin-bottom: 10px !important;}&#8221;][vc_btn title=&#8221;Qui\u00e9nes Somos&#8221; style=&#8221;flat&#8221; shape=&#8221;square&#8221; color=&#8221;theme_style_3&#8243; size=&#8221;xs&#8221; align=&#8221;left&#8221; link=&#8221;title:Services&#8221; css=&#8221;.vc_custom_1614693138514{margin-top: -6px !important;margin-bottom: 45px !important;}&#8221; el_class=&#8221;btn-small-red&#8221;][\/vc_column_inner][vc_column_inner width=&#8221;5\/12&#8243; offset=&#8221;vc_col-lg-5 vc_col-md-6&#8243;][vc_column_text css=&#8221;.vc_custom_1614353456005{padding-top: 2px !important;}&#8221;]<\/p>\n<p style=\"color: #3c3c3b; font-size: 24px; line-height: 32px; font-weight: 400;\">Enverdecimiento de las finanzas en Argentina para combatir el cambio clim\u00e1tico y promover la inclusi\u00f3n.<\/p>\n<p>[\/vc_column_text][\/vc_column_inner][\/vc_row_inner][stm_spacing lg_spacing=&#8221;32&#8243; md_spacing=&#8221;32&#8243; sm_spacing=&#8221;50&#8243; xs_spacing=&#8221;50&#8243;][vc_row_inner][vc_column_inner offset=&#8221;vc_col-lg-4 vc_col-md-4&#8243;][stm_animation_block animation=&#8221;fadeInUp&#8221; animation_duration=&#8221;0.5&#8243; animation_delay=&#8221;0.2&#8243;][vc_custom_heading stripe_pos=&#8221;hide&#8221; stm_title_font_weight=&#8221;500&#8243; text=&#8221;Este proyecto est\u00e1 desarrollado por el consorcio conformado por: CARBON TRUST, GENESIS Y MEXICO2&#8243; font_container=&#8221;tag:h4|font_size:24|text_align:left|color:%233c3c3b|line_height:30px&#8221; use_theme_fonts=&#8221;yes&#8221; css=&#8221;.vc_custom_1614353400952{margin-top: -23px !important;margin-bottom: -11px !important;}&#8221;][vc_column_text css=&#8221;.vc_custom_1614353018164{margin-bottom: 15px !important;}&#8221;]<\/p>\n<p style=\"color: #3c3c3b; font-size: 16px; line-height: 26px;\">El proyecto est\u00e1 financiado por el Green Recovery Challenge Fund del UK PACT.<\/p>\n<p>[\/vc_column_text][vc_btn title=&#8221;Saber m\u00e1s&#8221; style=&#8221;flat&#8221; shape=&#8221;square&#8221; color=&#8221;link&#8221; i_align=&#8221;right&#8221; i_icon_fontawesome=&#8221;stm-amsterdam-arrow&#8221; add_icon=&#8221;true&#8221; css=&#8221;.vc_custom_1614354685584{margin-bottom: 15px !important;}&#8221; link=&#8221;url:http%3A%2F%2Fgenesisarg.com%2Ffinanciamientosostenible%2Findex.php%2Fel-proyecto%2F&#8221; el_class=&#8221;btn-mas&#8221;][\/stm_animation_block][stm_spacing lg_spacing=&#8221;100&#8243; md_spacing=&#8221;80&#8243; sm_spacing=&#8221;40&#8243; xs_spacing=&#8221;20&#8243;][\/vc_column_inner][vc_column_inner width=&#8221;1\/2&#8243; offset=&#8221;vc_col-lg-4 vc_col-md-4 vc_col-xs-12&#8243;][stm_animation_block animation=&#8221;fadeInUp&#8221; animation_duration=&#8221;0.5&#8243; animation_delay=&#8221;0&#8243;][vc_single_image image=&#8221;7051&#8243; img_size=&#8221;full&#8221; alignment=&#8221;center&#8221; onclick=&#8221;custom_link&#8221; el_class=&#8221;animate-to-top&#8221;][\/stm_animation_block][stm_spacing lg_spacing=&#8221;60&#8243; md_spacing=&#8221;60&#8243; sm_spacing=&#8221;40&#8243; xs_spacing=&#8221;2&#8243;][\/vc_column_inner][vc_column_inner width=&#8221;1\/2&#8243; offset=&#8221;vc_col-lg-4 vc_col-md-4 vc_col-xs-12&#8243;][stm_animation_block animation=&#8221;fadeInUp&#8221; animation_duration=&#8221;0.5&#8243; animation_delay=&#8221;0.2&#8243;][vc_single_image image=&#8221;7052&#8243; img_size=&#8221;full&#8221; alignment=&#8221;center&#8221; onclick=&#8221;custom_link&#8221; el_class=&#8221;animate-to-top&#8221;][\/stm_animation_block][stm_spacing lg_spacing=&#8221;60&#8243; md_spacing=&#8221;60&#8243; sm_spacing=&#8221;40&#8243; xs_spacing=&#8221;20&#8243;][\/vc_column_inner][\/vc_row_inner][\/vc_column][\/vc_row][vc_row full_width=&#8221;stretch_row_content_no_spaces&#8221; css=&#8221;.vc_custom_1614018815896{background-image: url(http:\/\/genesisarg.com\/financiamientosostenible\/wp-content\/uploads\/2021\/02\/fondo-gris-diagonal.jpg?id=7118) !important;background-position: center !important;background-repeat: no-repeat !important;background-size: cover !important;}&#8221; el_class=&#8221;separador-home&#8221;][vc_column][\/vc_column][\/vc_row][vc_row full_width=&#8221;stretch_row_content&#8221; css=&#8221;.vc_custom_1614018933700{background-color: #f7f8fa !important;background-position: center !important;background-repeat: no-repeat !important;background-size: cover !important;}&#8221;][vc_column][stm_spacing lg_spacing=&#8221;86&#8243; md_spacing=&#8221;86&#8243; sm_spacing=&#8221;60&#8243; xs_spacing=&#8221;40&#8243;][vc_custom_heading stripe_pos=&#8221;hide&#8221; text=&#8221;L\u00edneas de trabajo&#8221; font_container=&#8221;tag:h2|text_align:center|color:%23001e61&#8243; use_theme_fonts=&#8221;yes&#8221; css=&#8221;.vc_custom_1614003276729{margin-bottom: 10px !important;}&#8221;][vc_btn title=&#8221;Productos&#8221; style=&#8221;flat&#8221; shape=&#8221;square&#8221; color=&#8221;theme_style_3&#8243; size=&#8221;xs&#8221; align=&#8221;center&#8221; link=&#8221;title:Services&#8221; css=&#8221;.vc_custom_1614355173932{margin-top: -6px !important;margin-bottom: 45px !important;}&#8221; el_class=&#8221;btn-small-red&#8221;][vc_row_inner equal_height=&#8221;yes&#8221; gap=&#8221;10&#8243; css=&#8221;.vc_custom_1614363433017{padding-right: 100px !important;padding-left: 100px !important;}&#8221; el_class=&#8221;infox-box-indents&#8221;][vc_column_inner el_class=&#8221;box-white&#8221; width=&#8221;1\/2&#8243; css=&#8221;.vc_custom_1614364076701{padding-top: 80px !important;padding-right: 10px !important;padding-left: 10px !important;}&#8221; offset=&#8221;vc_col-lg-6 vc_col-md-6 vc_col-xs-12&#8243;][stm_animation_block animation=&#8221;fadeInUp&#8221; animation_duration=&#8221;0.5&#8243; animation_delay=&#8221;0.2&#8243;][vc_single_image image=&#8221;7449&#8243; img_size=&#8221;&#8221; alignment=&#8221;center&#8221; el_class=&#8221;icons-home&#8221;][stm_info_box align_center=&#8221;yes&#8221; style=&#8221;style_6&#8243; icon=&#8221;stm-right-arrow&#8221; title=&#8221;Cursos&#8221; link=&#8221;url:http%3A%2F%2Fgenesisarg.com%2Ffinanciamientosostenible%2Fcursos-financiamiento-sostenible%2F|title:Saber%20M%C3%A1s&#8221; css=&#8221;.vc_custom_1614692480713{margin-bottom: 0px !important;padding-top: 0px !important;}&#8221;]Creaci\u00f3n y fortalecimiento de conocimientos y capacidades del sector financiero local en finanzas sostenibles.[\/stm_info_box][\/stm_animation_block][stm_spacing lg_spacing=&#8221;20&#8243; md_spacing=&#8221;20&#8243; sm_spacing=&#8221;20&#8243; xs_spacing=&#8221;20&#8243;][\/vc_column_inner][vc_column_inner el_class=&#8221;box-white&#8221; width=&#8221;1\/2&#8243; css=&#8221;.vc_custom_1614364084208{padding-top: 80px !important;padding-right: 10px !important;padding-left: 10px !important;}&#8221; offset=&#8221;vc_col-lg-6 vc_col-md-6 vc_col-xs-12&#8243;][stm_animation_block animation=&#8221;fadeInUp&#8221; animation_duration=&#8221;0.5&#8243; animation_delay=&#8221;0.4&#8243;][vc_single_image image=&#8221;7447&#8243; img_size=&#8221;&#8221; alignment=&#8221;center&#8221; el_class=&#8221;icons-home&#8221;][stm_info_box align_center=&#8221;yes&#8221; style=&#8221;style_6&#8243; icon=&#8221;stm-right-arrow&#8221; title=&#8221;Riesgos Clim\u00e1ticos&#8221; link=&#8221;url:http%3A%2F%2Fgenesisarg.com%2Ffinanciamientosostenible%2Friesgos-climaticos%2F|title:Saber%20M%C3%A1s&#8221; css=&#8221;.vc_custom_1614692503540{margin-bottom: 0px !important;padding-top: 0px !important;}&#8221;]Paralelamente al resto de los productos, el equipo del proyecto elaborar\u00e1 un informe a medida sobre los riesgos clim\u00e1ticos y los activos varados.[\/stm_info_box][\/stm_animation_block][stm_spacing lg_spacing=&#8221;20&#8243; md_spacing=&#8221;20&#8243; sm_spacing=&#8221;20&#8243; xs_spacing=&#8221;20&#8243;][\/vc_column_inner][vc_column_inner el_class=&#8221;box-white&#8221; width=&#8221;1\/2&#8243; offset=&#8221;vc_col-lg-6 vc_col-md-6 vc_col-xs-12&#8243; css=&#8221;.vc_custom_1614364094137{padding-top: 80px !important;padding-right: 10px !important;padding-left: 10px !important;}&#8221;][stm_animation_block animation=&#8221;fadeInUp&#8221; animation_duration=&#8221;0.5&#8243; animation_delay=&#8221;0.4&#8243;][vc_single_image image=&#8221;7448&#8243; img_size=&#8221;&#8221; alignment=&#8221;center&#8221; el_class=&#8221;icons-home&#8221;][stm_info_box align_center=&#8221;yes&#8221; style=&#8221;style_6&#8243; icon=&#8221;stm-right-arrow&#8221; title=&#8221;Hoja de Ruta Commodities&#8221; link=&#8221;url:http%3A%2F%2Fgenesisarg.com%2Ffinanciamientosostenible%2Fhoja-de-ruta-commodities%2F|title:Saber%20M%C3%A1s&#8221; css=&#8221;.vc_custom_1614692524488{margin-bottom: 0px !important;padding-top: 0px !important;}&#8221;]Hoja de ruta hacia mercados de commodities agr\u00edcolas verdes.[\/stm_info_box][\/stm_animation_block][stm_spacing lg_spacing=&#8221;20&#8243; md_spacing=&#8221;20&#8243; sm_spacing=&#8221;20&#8243; xs_spacing=&#8221;20&#8243;][\/vc_column_inner][vc_column_inner el_class=&#8221;box-white&#8221; width=&#8221;1\/2&#8243; offset=&#8221;vc_col-lg-6 vc_col-md-6 vc_col-xs-12&#8243; css=&#8221;.vc_custom_1614364101922{padding-top: 80px !important;padding-right: 10px !important;padding-left: 10px !important;}&#8221;][stm_animation_block animation=&#8221;fadeInUp&#8221; animation_duration=&#8221;0.5&#8243; animation_delay=&#8221;0.6&#8243;][vc_single_image image=&#8221;7450&#8243; img_size=&#8221;&#8221; alignment=&#8221;center&#8221; el_class=&#8221;icons-home&#8221;][stm_info_box align_center=&#8221;yes&#8221; style=&#8221;style_6&#8243; icon=&#8221;stm-right-arrow&#8221; title=&#8221;Instrumento de Deuda Verde&#8221; link=&#8221;url:http%3A%2F%2Fgenesisarg.com%2Ffinanciamientosostenible%2Finstrumento-de-deuda-verde%2F|title:Saber%20M%C3%A1s&#8221; css=&#8221;.vc_custom_1614692546075{margin-bottom: 0px !important;padding-top: 0px !important;}&#8221;]Enverdecimiento de instrumentos de deuda a corto plazo de las PYME.[\/stm_info_box][\/stm_animation_block][\/vc_column_inner][\/vc_row_inner][stm_spacing lg_spacing=&#8221;80&#8243; md_spacing=&#8221;80&#8243; sm_spacing=&#8221;60&#8243; xs_spacing=&#8221;50&#8243;][\/vc_column][\/vc_row][vc_row full_width=&#8221;stretch_row&#8221; equal_height=&#8221;yes&#8221; css=&#8221;.vc_custom_1614008595028{background: #001e61 url(http:\/\/genesisarg.com\/financiamientosostenible\/wp-content\/uploads\/2021\/02\/que-es-uk-pact-bg.jpg?id=7082) !important;background-position: center !important;background-repeat: no-repeat !important;background-size: cover !important;}&#8221;][vc_column stretch=&#8221;left&#8221; width=&#8221;1\/2&#8243; css=&#8221;.vc_custom_1614008277599{background: #001e61 url(http:\/\/genesisarg.com\/financiamientosostenible\/wp-content\/uploads\/2021\/02\/que-es-uk-pact.jpg?id=7080) !important;background-position: center !important;background-repeat: no-repeat !important;background-size: cover !important;}&#8221; offset=&#8221;vc_hidden-xs&#8221;][\/vc_column][vc_column width=&#8221;5\/12&#8243; css=&#8221;.vc_custom_1614009533220{background-position: center !important;background-repeat: no-repeat !important;background-size: contain !important;}&#8221;][stm_spacing lg_spacing=&#8221;98&#8243; md_spacing=&#8221;98&#8243; sm_spacing=&#8221;60&#8243; xs_spacing=&#8221;40&#8243;][stm_animation_block animation=&#8221;fadeInRight&#8221; animation_duration=&#8221;0.5&#8243; animation_delay=&#8221;0&#8243;][vc_row_inner][vc_column_inner width=&#8221;1\/12&#8243;][\/vc_column_inner][vc_column_inner width=&#8221;11\/12&#8243;][vc_btn title=&#8221;Green Recovery Challenge Fund&#8221; style=&#8221;flat&#8221; shape=&#8221;square&#8221; color=&#8221;theme_style_2&#8243; size=&#8221;xs&#8221; css=&#8221;.vc_custom_1614364387322{margin-bottom: 17px !important;}&#8221; el_class=&#8221;btn-small-white&#8221;][vc_custom_heading stripe_pos=&#8221;hide&#8221; text=&#8221;\u00bfQu\u00e9 es el UK PACT?&#8221; font_container=&#8221;tag:h3|text_align:left|color:%23ffffff&#8221; use_theme_fonts=&#8221;yes&#8221; css=&#8221;.vc_custom_1614009330711{margin-bottom: 29px !important;}&#8221;][vc_column_text css=&#8221;.vc_custom_1614009372432{margin-bottom: 29px !important;}&#8221;]<span style=\"color: #ffffff; font-size: 16px; line-height: 26px;\">UK Partnering for Accelerated Climate Transitions (UK PACT) es un programa financiado por el gobierno del Reino Unido. UK PACT apoya a los pa\u00edses que se esfuerzan por superar las barreras al crecimiento verde\/ limpio y tienen un alto potencial de reducci\u00f3n de emisiones para acelerar sus esfuerzos de mitigaci\u00f3n del cambio clim\u00e1tico.<\/span>[\/vc_column_text][vc_btn title=&#8221;Saber M\u00e1s&#8221; style=&#8221;flat&#8221; shape=&#8221;square&#8221; color=&#8221;link&#8221; i_align=&#8221;right&#8221; i_icon_fontawesome=&#8221;stm-amsterdam-arrow&#8221; add_icon=&#8221;true&#8221; link=&#8221;url:http%3A%2F%2Fgenesisarg.com%2Ffinanciamientosostenible%2Fel-proyecto%2F%23uk-pact|title:El%20Proyecto&#8221;][\/vc_column_inner][\/vc_row_inner][\/stm_animation_block][stm_spacing lg_spacing=&#8221;110&#8243; md_spacing=&#8221;110&#8243; sm_spacing=&#8221;60&#8243; xs_spacing=&#8221;40&#8243;][\/vc_column][\/vc_row][vc_row][vc_column el_class=&#8221;noticias-home&#8221;][stm_spacing lg_spacing=&#8221;80&#8243; md_spacing=&#8221;80&#8243; sm_spacing=&#8221;60&#8243; xs_spacing=&#8221;40&#8243;][vc_custom_heading stripe_pos=&#8221;hide&#8221; text=&#8221;Noticias&#8221; font_container=&#8221;tag:h2|text_align:center&#8221; use_theme_fonts=&#8221;yes&#8221; css=&#8221;.vc_custom_1614009730296{margin-bottom: 10px !important;}&#8221;][vc_separator color=&#8221;pink&#8221; border_width=&#8221;5&#8243; el_width=&#8221;10&#8243;][stm_spacing lg_spacing=&#8221;50&#8243; md_spacing=&#8221;50&#8243; sm_spacing=&#8221;40&#8243; xs_spacing=&#8221;30&#8243;][stm_animation_block animation=&#8221;zoomIn&#8221; animation_duration=&#8221;0.5&#8243; animation_delay=&#8221;0.2&#8243;][stm_news posts_per_row=&#8221;4&#8243; style=&#8221;1&#8243; img_size=&#8221;large&#8221;][\/stm_animation_block][stm_spacing lg_spacing=&#8221;46&#8243; md_spacing=&#8221;46&#8243; sm_spacing=&#8221;15&#8243; xs_spacing=&#8221;0&#8243;][\/vc_column][\/vc_row]<\/p>\n","protected":false},"excerpt":{"rendered":"<p>[vc_row el_class=&#8221;row-slider-home&#8221;][vc_column][rev_slider_vc alias=&#8221;main-slider-1&#8243;][\/vc_column][\/vc_row][vc_row][vc_column][stm_spacing lg_spacing=&#8221;103&#8243; md_spacing=&#8221;103&#8243; sm_spacing=&#8221;60&#8243; xs_spacing=&#8221;40&#8243;][vc_row_inner][vc_column_inner width=&#8221;1\/3&#8243; offset=&#8221;vc_col-lg-4 vc_col-md-6&#8243;][vc_custom_heading stripe_pos=&#8221;hide&#8221; text=&#8221;El Proyecto&#8221; use_theme_fonts=&#8221;yes&#8221; css=&#8221;.vc_custom_1613999544264{margin-bottom: 10px !important;}&#8221;][vc_btn title=&#8221;Qui\u00e9nes Somos&#8221; style=&#8221;flat&#8221; shape=&#8221;square&#8221; color=&#8221;theme_style_3&#8243; size=&#8221;xs&#8221; align=&#8221;left&#8221; link=&#8221;title:Services&#8221; css=&#8221;.vc_custom_1614693138514{margin-top: -6px !important;margin-bottom: 45px !important;}&#8221; el_class=&#8221;btn-small-red&#8221;][\/vc_column_inner][vc_column_inner width=&#8221;5\/12&#8243; offset=&#8221;vc_col-lg-5 vc_col-md-6&#8243;][vc_column_text css=&#8221;.vc_custom_1614353456005{padding-top: 2px !important;}&#8221;] Enverdecimiento de las finanzas en Argentina para combatir el cambio clim\u00e1tico y promover la inclusi\u00f3n. [\/vc_column_text][\/vc_column_inner][\/vc_row_inner][stm_spacing lg_spacing=&#8221;32&#8243; md_spacing=&#8221;32&#8243;<\/p>\n","protected":false},"author":1,"featured_media":7127,"parent":0,"menu_order":0,"comment_status":"closed","ping_status":"closed","template":"","meta":[],"yoast_head":"<!-- This site is optimized with the Yoast SEO plugin v15.9 - https:\/\/yoast.com\/wordpress\/plugins\/seo\/ -->\n<title>Financiamiento Sostenible en Argentina<\/title>\n<meta name=\"description\" content=\"Enverdecimiento de las finanzas en Argentina para combatir el cambio clim\u00e1tico y promover la inclusi\u00f3n.\" \/>\n<meta name=\"robots\" content=\"noindex, follow, max-snippet:-1, max-image-preview:large, max-video-preview:-1\" \/>\n<meta property=\"og:locale\" content=\"en_US\" \/>\n<meta property=\"og:type\" content=\"article\" \/>\n<meta property=\"og:title\" content=\"Financiamiento Sostenible en Argentina\" \/>\n<meta property=\"og:description\" content=\"Enverdecimiento de las finanzas en Argentina para combatir el cambio clim\u00e1tico y promover la inclusi\u00f3n.\" \/>\n<meta property=\"og:url\" content=\"https:\/\/genesisarg.com\/financiamientosostenible\/\" \/>\n<meta property=\"og:site_name\" content=\"Financiamiento Sostenible en Argentina\" \/>\n<meta property=\"article:modified_time\" content=\"2021-03-10T20:46:02+00:00\" \/>\n<meta property=\"og:image\" content=\"https:\/\/genesisarg.com\/financiamientosostenible\/wp-content\/uploads\/2019\/09\/financiamiento-sostenible-home-slider.jpg\" \/>\n\t<meta property=\"og:image:width\" content=\"1920\" \/>\n\t<meta property=\"og:image:height\" content=\"900\" \/>\n<meta name=\"twitter:card\" content=\"summary_large_image\" \/>\n<meta name=\"twitter:label1\" content=\"Est. reading time\">\n\t<meta name=\"twitter:data1\" content=\"3 minutes\">\n<script type=\"application\/ld+json\" class=\"yoast-schema-graph\">{\"@context\":\"https:\/\/schema.org\",\"@graph\":[{\"@type\":\"WebSite\",\"@id\":\"https:\/\/genesisarg.com\/financiamientosostenible\/#website\",\"url\":\"https:\/\/genesisarg.com\/financiamientosostenible\/\",\"name\":\"Financiamiento Sostenible en Argentina\",\"description\":\"Para combatir el cambio clim\\u00e1tico y promover la inclusi\\u00f3n\\n\",\"potentialAction\":[{\"@type\":\"SearchAction\",\"target\":\"https:\/\/genesisarg.com\/financiamientosostenible\/?s={search_term_string}\",\"query-input\":\"required name=search_term_string\"}],\"inLanguage\":\"en-US\"},{\"@type\":\"ImageObject\",\"@id\":\"https:\/\/genesisarg.com\/financiamientosostenible\/#primaryimage\",\"inLanguage\":\"en-US\",\"url\":\"https:\/\/genesisarg.com\/financiamientosostenible\/wp-content\/uploads\/2019\/09\/financiamiento-sostenible-home-slider.jpg\",\"width\":1920,\"height\":900},{\"@type\":\"WebPage\",\"@id\":\"https:\/\/genesisarg.com\/financiamientosostenible\/#webpage\",\"url\":\"https:\/\/genesisarg.com\/financiamientosostenible\/\",\"name\":\"Financiamiento Sostenible en Argentina\",\"isPartOf\":{\"@id\":\"https:\/\/genesisarg.com\/financiamientosostenible\/#website\"},\"primaryImageOfPage\":{\"@id\":\"https:\/\/genesisarg.com\/financiamientosostenible\/#primaryimage\"},\"datePublished\":\"2021-02-22T18:37:03+00:00\",\"dateModified\":\"2021-03-10T20:46:02+00:00\",\"description\":\"Enverdecimiento de las finanzas en Argentina para combatir el cambio clim\\u00e1tico y promover la inclusi\\u00f3n.\",\"breadcrumb\":{\"@id\":\"https:\/\/genesisarg.com\/financiamientosostenible\/#breadcrumb\"},\"inLanguage\":\"en-US\",\"potentialAction\":[{\"@type\":\"ReadAction\",\"target\":[\"https:\/\/genesisarg.com\/financiamientosostenible\/\"]}]},{\"@type\":\"BreadcrumbList\",\"@id\":\"https:\/\/genesisarg.com\/financiamientosostenible\/#breadcrumb\",\"itemListElement\":[{\"@type\":\"ListItem\",\"position\":1,\"item\":{\"@type\":\"WebPage\",\"@id\":\"https:\/\/genesisarg.com\/financiamientosostenible\/\",\"url\":\"https:\/\/genesisarg.com\/financiamientosostenible\/\",\"name\":\"Home\"}},{\"@type\":\"ListItem\",\"position\":2,\"item\":{\"@type\":\"WebPage\",\"@id\":\"https:\/\/genesisarg.com\/financiamientosostenible\/\",\"url\":\"https:\/\/genesisarg.com\/financiamientosostenible\/\",\"name\":\"Home Financiamiento Sostenible\"}}]}]}<\/script>\n<!-- \/ Yoast SEO plugin. -->","_links":{"self":[{"href":"https:\/\/genesisarg.com\/financiamientosostenible\/wp-json\/wp\/v2\/pages\/7045"}],"collection":[{"href":"https:\/\/genesisarg.com\/financiamientosostenible\/wp-json\/wp\/v2\/pages"}],"about":[{"href":"https:\/\/genesisarg.com\/financiamientosostenible\/wp-json\/wp\/v2\/types\/page"}],"author":[{"embeddable":true,"href":"https:\/\/genesisarg.com\/financiamientosostenible\/wp-json\/wp\/v2\/users\/1"}],"replies":[{"embeddable":true,"href":"https:\/\/genesisarg.com\/financiamientosostenible\/wp-json\/wp\/v2\/comments?post=7045"}],"version-history":[{"count":79,"href":"https:\/\/genesisarg.com\/financiamientosostenible\/wp-json\/wp\/v2\/pages\/7045\/revisions"}],"predecessor-version":[{"id":7446,"href":"https:\/\/genesisarg.com\/financiamientosostenible\/wp-json\/wp\/v2\/pages\/7045\/revisions\/7446"}],"wp:featuredmedia":[{"embeddable":true,"href":"https:\/\/genesisarg.com\/financiamientosostenible\/wp-json\/wp\/v2\/media\/7127"}],"wp:attachment":[{"href":"https:\/\/genesisarg.com\/financiamientosostenible\/wp-json\/wp\/v2\/media?parent=7045"}],"curies":[{"name":"wp","href":"https:\/\/api.w.org\/{rel}","templated":true}]}}