{"id":7169,"date":"2021-02-24T19:17:13","date_gmt":"2021-02-24T19:17:13","guid":{"rendered":"http:\/\/genesisarg.com\/financiamientosostenible\/?page_id=7169"},"modified":"2021-03-09T18:35:27","modified_gmt":"2021-03-09T18:35:27","slug":"el-proyecto","status":"publish","type":"page","link":"https:\/\/genesisarg.com\/financiamientosostenible\/el-proyecto\/","title":{"rendered":"El Proyecto"},"content":{"rendered":"<p>[vc_row full_width=&#8221;stretch_row&#8221; css=&#8221;.vc_custom_1614193256283{margin-top: -75px !important;padding-top: 81px !important;padding-bottom: 78px !important;}&#8221;][vc_column width=&#8221;7\/12&#8243;][vc_column_text css=&#8221;.vc_custom_1614604704683{margin-bottom: 25px !important;}&#8221;]<span style=\"font-family: Montserrat; color: #dc4234; font-size: 20px; font-weight: bold;\">\u201cEnverdecimiento de las finanzas en Argentina para combatir el cambio clim\u00e1tico y promover la inclusi\u00f3n\u201d<\/span>[\/vc_column_text][vc_column_text]Este proyecto fortalecer\u00e1 las habilidades, capacidades y conocimientos relacionados con las finanzas sostenibles en el sistema financiero de Argentina. Tambi\u00e9n mejorar\u00e1 el acceso de las PYMES a la financiaci\u00f3n sostenible y contribuir\u00e1 al enverdecimiento del sector agroindustrial, que es la principal industria de Argentina y una prioridad clave debido a su impacto en el cambio clim\u00e1tico y su papel en la producci\u00f3n y el suministro mundial de alimentos.[\/vc_column_text][vc_column_text]<\/p>\n<blockquote style=\"background-color: #ffffff;\"><p>Este proyecto est\u00e1 desarrollado por el consorcio conformado por: CARBON TRUST, GENESIS Y MEXICO2.<\/p>\n<p>El proyecto est\u00e1 financiado por el Green Recovery Challenge Fund del UK PACT.<\/p><\/blockquote>\n<p>[\/vc_column_text][\/vc_column][vc_column width=&#8221;5\/12&#8243;][vc_video link=&#8221;https:\/\/www.youtube.com\/embed\/w0RGnXpf9LU&#8221; size=&#8221;380&#8243; image=&#8221;7052&#8243; css=&#8221;.vc_custom_1614192878484{padding-top: 3px !important;}&#8221; height_size=&#8221;380&#8243; img_size=&#8221;large&#8221; el_class=&#8221;video-proyecto&#8221;][\/vc_column][\/vc_row][vc_row full_width=&#8221;stretch_row&#8221; equal_height=&#8221;yes&#8221; css=&#8221;.vc_custom_1615314033357{padding-right: 0px !important;padding-left: 0px !important;background-color: #001e62 !important;}&#8221; el_class=&#8221;about-bg-right&#8221;][vc_column width=&#8221;1\/2&#8243; css=&#8221;.vc_custom_1614692904047{padding-right: 50px !important;padding-bottom: 50px !important;padding-left: 50px !important;}&#8221; el_id=&#8221;uk-pact&#8221;][vc_custom_heading text=&#8221;\u00bfQu\u00e9 es el UK PACT?&#8221; font_container=&#8221;tag:h3|text_align:left|color:%23ffffff&#8221; google_fonts=&#8221;font_family:Montserrat%3Aregular%2C700|font_style:700%20bold%20regular%3A700%3Anormal&#8221; css=&#8221;.vc_custom_1614193429027{margin-top: 50px !important;margin-bottom: 25px !important;}&#8221;][vc_column_text css=&#8221;.vc_custom_1615313335080{margin-bottom: 22px !important;}&#8221;]<span style=\"line-height: 22px; color: #fff;\">UK Partnering for Accelerated Climate Transitions (UK PACT) es un programa financiado por el gobierno del Reino Unido. UK PACT apoya a los pa\u00edses que se esfuerzan por superar las barreras al crecimiento verde\/ limpio y tienen un alto potencial de reducci\u00f3n de emisiones para acelerar sus esfuerzos de mitigaci\u00f3n del cambio clim\u00e1tico.<\/span><\/p>\n<p><span style=\"line-height: 22px; color: #fff;\"><br \/>\nEs un programa insignia de \u00a3 60 millones bajo la cartera de International Climate Finance (ICF). Es parte del compromiso de \u00a3 5.8 mil millones del Reino Unido con el Financiamiento Clim\u00e1tico Internacional 2021 para abordar el cambio clim\u00e1tico. El programa de tres a\u00f1os (2018-2022) est\u00e1 financiado por el Departamento de Negocios, Energ\u00eda y Estrategia Industrial (BEIS).<br \/>\nUK PACT trabaja con pa\u00edses socios, ayud\u00e1ndolos a acelerar sus transiciones de crecimiento limpio.<\/span><\/p>\n<p><span style=\"line-height: 22px; color: #fff;\"><br \/>\nEl programa apoya a los pa\u00edses elegibles para la Asistencia Oficial para el Desarrollo (AOD) para implementar y aumentar sus ambiciones de reducir las emisiones de carbono de acuerdo con sus Contribuciones Determinadas a Nivel Nacional (NDC) y el objetivo a largo plazo del Acuerdo de Par\u00eds de 2015 para limitar el cambio clim\u00e1tico.<\/span><\/p>\n<p><span style=\"line-height: 22px; color: #fff;\"><br \/>\nUK PACT responde directamente a la demanda identificada por los gobiernos socios proporcionando subvenciones a los socios implementadores (como ONGs, empresas y el mundo acad\u00e9mico). Los beneficiarios se seleccionan por su potencial para brindar apoyo a la creaci\u00f3n de capacidad para abordar las necesidades identificadas por los gobiernos en una variedad de \u00e1reas tales como bosques, energ\u00eda limpia y eficiencia energ\u00e9tica, y transporte sostenible.<br \/>\nEl programa satisface la demanda de habilidades y experiencia de alta calidad alineadas con el liderazgo y la experiencia del Reino Unido. <\/span><\/p>\n<p><span style=\"line-height: 22px; color: #fff;\">Para m\u00e1s informaci\u00f3n: <a href=\"https:\/\/www.ukpact.co.uk\/\">https:\/\/www.ukpact.co.uk\/<\/a><br \/>\n<\/span>[\/vc_column_text][\/vc_column][vc_column width=&#8221;1\/2&#8243; css=&#8221;.vc_custom_1614604841870{padding-top: 52px !important;padding-bottom: 95px !important;background-image: url(http:\/\/genesisarg.com\/financiamientosostenible\/wp-content\/uploads\/2021\/02\/financiamiento-sostenible-proyecto.jpg?id=7051) !important;background-position: center !important;background-repeat: no-repeat !important;background-size: cover !important;}&#8221; el_class=&#8221;about_full-right_width&#8221;][\/vc_column][\/vc_row][vc_row full_width=&#8221;stretch_row&#8221; equal_height=&#8221;yes&#8221; css=&#8221;.vc_custom_1614174028571{padding-right: 0px !important;padding-left: 0px !important;background-color: #f2f2f2 !important;}&#8221; el_class=&#8221;about-bg-right&#8221;][vc_column width=&#8221;1\/2&#8243; css=&#8221;.vc_custom_1614604871309{padding-top: 52px !important;padding-bottom: 95px !important;background-image: url(http:\/\/genesisarg.com\/financiamientosostenible\/wp-content\/uploads\/2021\/02\/uk-pact-el-proyecto.jpg?id=7213) !important;background-position: center !important;background-repeat: no-repeat !important;background-size: cover !important;}&#8221;][\/vc_column][vc_column width=&#8221;1\/2&#8243; css=&#8221;.vc_custom_1614173990552{padding-right: 50px !important;padding-bottom: 50px !important;padding-left: 50px !important;}&#8221;][vc_custom_heading text=&#8221;\u00bfQu\u00e9 es el Green Recovery Challenge Fund (GRCF)?&#8221; font_container=&#8221;tag:h3|text_align:left|color:%23dc4234&#8243; google_fonts=&#8221;font_family:Montserrat%3Aregular%2C700|font_style:700%20bold%20regular%3A700%3Anormal&#8221; css=&#8221;.vc_custom_1614604758710{margin-top: 50px !important;margin-bottom: 25px !important;}&#8221;][vc_column_text css=&#8221;.vc_custom_1615314799435{margin-bottom: 22px !important;}&#8221;]<\/p>\n<p><span style=\"font-weight: 400;\">El Departamento de Negocios, Energ\u00eda y Estrategia Industrial del Reino Unido (BEIS) se ha asociado con ICF Consulting para entregar el Fondo de Reto de Recuperaci\u00f3n Verde en el marco del programa PACT (Asociaci\u00f3n para la Aceleraci\u00f3n de la Transici\u00f3n Clim\u00e1tica) del Reino Unido financiado por UK International Climate Finance.<\/span><\/p>\n<p><span style=\"font-weight: 400;\">El Fondo del Reto de Recuperaci\u00f3n Verde PACT del Reino Unido desembolsar\u00e1 \u00a3 12 millones durante dos a\u00f1os en proyectos que ayudar\u00e1n a los pa\u00edses a acelerar su transici\u00f3n a bajas emisiones de carbono. Se centrar\u00e1 en proyectos que maximicen las reducciones de emisiones en pa\u00edses elegibles para la AOD en Am\u00e9rica Latina, \u00c1frica subsahariana y Asia. A ra\u00edz de la pandemia de COVID-19, habr\u00e1 un enfoque para apoyar proyectos para reconstruir mejor y promover un futuro m\u00e1s verde y resiliente.<\/span><\/p>\n<p><span style=\"font-weight: 400;\">El Fondo busca ideas innovadoras que aborden desaf\u00edos espec\u00edficos de bajas emisiones de carbono, muestren resultados mensurables, promuevan la inclusi\u00f3n social e inspiren acciones futuras para aumentar la ambici\u00f3n clim\u00e1tica a escala y, al mismo tiempo, ayudar a los pa\u00edses a reconstruir sus econom\u00edas despu\u00e9s del brote de COVID-19.<\/span><\/p>\n<p><span style=\"font-weight: 400;\">Para m\u00e1s informaci\u00f3n: <\/span><a style=\"color: #dc4234;\" href=\"https:\/\/www.ukpact.co.uk\/green-recovery-challenge-fund\"><span style=\"font-weight: 400;\">https:\/\/www.ukpact.co.uk\/green-recovery-challenge-fund<\/span><\/a><\/p>\n<p>[\/vc_column_text][\/vc_column][\/vc_row][vc_row css=&#8221;.vc_custom_1614174060909{margin-top: 50px !important;}&#8221;][vc_column][vc_custom_heading text=&#8221;El proyecto \u201cEnverdecimiento de las finanzas en Argentina para combatir el cambio clim\u00e1tico y promover la inclusi\u00f3n\u201d&#8221; font_container=&#8221;tag:h3|text_align:left&#8221; google_fonts=&#8221;font_family:Montserrat%3Aregular%2C700|font_style:700%20bold%20regular%3A700%3Anormal&#8221; css=&#8221;.vc_custom_1614174111730{margin-bottom: 39px !important;}&#8221;][vc_column_text]<span style=\"font-weight: 400;\">Este proyecto tiene como objetivo brindar capacitaci\u00f3n espec\u00edfica para apoyar el \u201cenverdecimiento\u201d del sistema financiero argentino para reducir las emisiones de GEI, centr\u00e1ndose en uno de los principales sectores que afectan el cambio clim\u00e1tico, la agroindustria, y promoviendo la inclusi\u00f3n de las PYMES (que representan el 97% del empleo y el 85% del PIB en Argentina) en un ecosistema financiero sostenible.<\/span>[\/vc_column_text][vc_column_text]<span style=\"font-weight: bold; color: #dc4234; font-size: 20px;\">El proyecto tiene 4 l\u00edneas de trabajo o productos:<\/span>[\/vc_column_text][\/vc_column][\/vc_row][vc_row css=&#8221;.vc_custom_1614174267336{margin-top: 50px !important;margin-bottom: 30px !important;}&#8221;][vc_column width=&#8221;1\/2&#8243; offset=&#8221;vc_col-lg-6 vc_col-md-6&#8243;][stm_icon_box add_link=&#8221;enable&#8221; icon=&#8221;stm-financial-services&#8221; style=&#8221;icon_left&#8221; icon_size=&#8221;22&#8243; icon_color=&#8221;base&#8221; icon_bg_color=&#8221;third_bg&#8221; icon_width=&#8221;70&#8243; title=&#8221;Creaci\u00f3n y fortalecimiento de conocimientos y capacidades del sector financiero local en finanzas sostenibles&#8221; css=&#8221;.vc_custom_1614706817680{margin-bottom: 28px !important;}&#8221; link=&#8221;url:http%3A%2F%2Fgenesisarg.com%2Ffinanciamientosostenible%2Fcursos-financiamiento-sostenible%2F&#8221;]<span style=\"font-weight: 400; line-height: 24px;\">A trav\u00e9s de una alianza con universidades brit\u00e1nicas y locales, el consorcio ofrecer\u00e1 cuatro cursos de finanzas sostenibles de una semana dirigidos al sector financiero, incluidas instituciones p\u00fablicas y privadas, inversores, reguladores y corporaciones privadas.<\/span>[\/stm_icon_box][stm_icon_box add_link=&#8221;enable&#8221; icon=&#8221;fas fa-file-alt&#8221; style=&#8221;icon_left&#8221; icon_size=&#8221;22&#8243; icon_color=&#8221;base&#8221; icon_bg_color=&#8221;third_bg&#8221; icon_width=&#8221;70&#8243; title=&#8221;Informe sobre riesgos clim\u00e1ticos y activos varados&#8221; css=&#8221;.vc_custom_1614706844128{margin-bottom: 28px !important;}&#8221; link=&#8221;url:http%3A%2F%2Fgenesisarg.com%2Ffinanciamientosostenible%2Friesgos-climaticos%2F&#8221;]<span style=\"line-height: 24px;\">Paralelamente al resto de los productos, el equipo del proyecto elaborar\u00e1 un informe a medida sobre los riesgos clim\u00e1ticos y los activos varados centrados en las actividades agroindustriales argentinas, muy expuestas a importantes eventos meteorol\u00f3gicos.<\/span>[\/stm_icon_box][\/vc_column][vc_column width=&#8221;1\/2&#8243; offset=&#8221;vc_col-lg-6 vc_col-md-6&#8243;][stm_icon_box add_link=&#8221;enable&#8221; icon=&#8221;fas fa-seedling&#8221; style=&#8221;icon_left&#8221; icon_size=&#8221;22&#8243; icon_color=&#8221;base&#8221; icon_bg_color=&#8221;third_bg&#8221; icon_width=&#8221;70&#8243; title=&#8221;Hoja de ruta hacia mercados de commodities agr\u00edcolas verdes&#8221; css=&#8221;.vc_custom_1614706875030{margin-bottom: 28px !important;}&#8221; link=&#8221;url:http%3A%2F%2Fgenesisarg.com%2Ffinanciamientosostenible%2Fhoja-de-ruta-commodities%2F&#8221;]<span style=\"line-height: 24px;\">El equipo del proyecto desarrollar\u00e1 una hoja de ruta que incluye est\u00e1ndares para identificar y caracterizar la producci\u00f3n sostenible de productos b\u00e1sicos y los impactos ambientales asociados.<\/span>[\/stm_icon_box][stm_icon_box add_link=&#8221;enable&#8221; icon=&#8221;fas fa-briefcase&#8221; style=&#8221;icon_left&#8221; icon_size=&#8221;22&#8243; icon_color=&#8221;base&#8221; icon_bg_color=&#8221;third_bg&#8221; icon_width=&#8221;70&#8243; title=&#8221;Enverdecimiento de instrumentos de deuda a corto plazo de las PYME&#8221; css=&#8221;.vc_custom_1615314482190{margin-bottom: 28px !important;}&#8221; link=&#8221;url:http%3A%2F%2Fgenesisarg.com%2Ffinanciamientosostenible%2Finstrumento-de-deuda-verde%2F&#8221;]<span style=\"line-height: 24px;\">El equipo del proyecto liderar\u00e1 el desarrollo de lineamientos para implementar una etiqueta verde voluntaria local para un instrumento de deuda a corto plazo para PYMES &#8211; principalmente fuera de Buenos Aires y con base agroindustrial &#8211; activas en el mercado de deuda local (conocido como cheques cotizados) y cotizaci\u00f3n en la Bolsa de Valores de Rosario.<\/span>[\/stm_icon_box][\/vc_column][\/vc_row]<\/p>\n","protected":false},"excerpt":{"rendered":"<p>[vc_row full_width=&#8221;stretch_row&#8221; css=&#8221;.vc_custom_1614193256283{margin-top: -75px !important;padding-top: 81px !important;padding-bottom: 78px !important;}&#8221;][vc_column width=&#8221;7\/12&#8243;][vc_column_text css=&#8221;.vc_custom_1614604704683{margin-bottom: 25px !important;}&#8221;]\u201cEnverdecimiento de las finanzas en Argentina para combatir el cambio clim\u00e1tico y promover la inclusi\u00f3n\u201d[\/vc_column_text][vc_column_text]Este proyecto fortalecer\u00e1 las habilidades, capacidades y conocimientos relacionados con las finanzas sostenibles en el sistema financiero de Argentina. Tambi\u00e9n mejorar\u00e1 el acceso de las PYMES a la financiaci\u00f3n<\/p>\n","protected":false},"author":1,"featured_media":7213,"parent":0,"menu_order":0,"comment_status":"closed","ping_status":"closed","template":"","meta":[],"yoast_head":"<!-- This site is optimized with the Yoast SEO plugin v15.9 - https:\/\/yoast.com\/wordpress\/plugins\/seo\/ -->\n<title>El Proyecto - Financiamiento Sostenible en Argentina<\/title>\n<meta name=\"description\" content=\"Este proyecto est\u00e1 desarrollado por el consorcio conformado por: CARBON TRUST, GENESIS Y MEXICO2 y financiado por el Green Recovery Challenge Fund del UK PACT.\" \/>\n<meta name=\"robots\" content=\"noindex, follow, max-snippet:-1, max-image-preview:large, max-video-preview:-1\" \/>\n<meta property=\"og:locale\" content=\"en_US\" \/>\n<meta property=\"og:type\" content=\"article\" \/>\n<meta property=\"og:title\" content=\"El Proyecto - Financiamiento Sostenible en Argentina\" \/>\n<meta property=\"og:description\" content=\"Este proyecto est\u00e1 desarrollado por el consorcio conformado por: CARBON TRUST, GENESIS Y MEXICO2 y financiado por el Green Recovery Challenge Fund del UK PACT.\" \/>\n<meta property=\"og:url\" content=\"https:\/\/genesisarg.com\/financiamientosostenible\/el-proyecto\/\" \/>\n<meta property=\"og:site_name\" content=\"Financiamiento Sostenible en Argentina\" \/>\n<meta property=\"article:modified_time\" content=\"2021-03-09T18:35:27+00:00\" \/>\n<meta property=\"og:image\" content=\"https:\/\/genesisarg.com\/financiamientosostenible\/wp-content\/uploads\/2021\/02\/uk-pact-el-proyecto.jpg\" \/>\n\t<meta property=\"og:image:width\" content=\"1600\" \/>\n\t<meta property=\"og:image:height\" content=\"1067\" \/>\n<meta name=\"twitter:card\" content=\"summary_large_image\" \/>\n<meta name=\"twitter:label1\" content=\"Est. reading time\">\n\t<meta name=\"twitter:data1\" content=\"5 minutes\">\n<script type=\"application\/ld+json\" class=\"yoast-schema-graph\">{\"@context\":\"https:\/\/schema.org\",\"@graph\":[{\"@type\":\"WebSite\",\"@id\":\"https:\/\/genesisarg.com\/financiamientosostenible\/#website\",\"url\":\"https:\/\/genesisarg.com\/financiamientosostenible\/\",\"name\":\"Financiamiento Sostenible en Argentina\",\"description\":\"Para combatir el cambio clim\\u00e1tico y promover la inclusi\\u00f3n\\n\",\"potentialAction\":[{\"@type\":\"SearchAction\",\"target\":\"https:\/\/genesisarg.com\/financiamientosostenible\/?s={search_term_string}\",\"query-input\":\"required name=search_term_string\"}],\"inLanguage\":\"en-US\"},{\"@type\":\"ImageObject\",\"@id\":\"https:\/\/genesisarg.com\/financiamientosostenible\/el-proyecto\/#primaryimage\",\"inLanguage\":\"en-US\",\"url\":\"https:\/\/genesisarg.com\/financiamientosostenible\/wp-content\/uploads\/2021\/02\/uk-pact-el-proyecto.jpg\",\"width\":1600,\"height\":1067},{\"@type\":\"WebPage\",\"@id\":\"https:\/\/genesisarg.com\/financiamientosostenible\/el-proyecto\/#webpage\",\"url\":\"https:\/\/genesisarg.com\/financiamientosostenible\/el-proyecto\/\",\"name\":\"El Proyecto - Financiamiento Sostenible en Argentina\",\"isPartOf\":{\"@id\":\"https:\/\/genesisarg.com\/financiamientosostenible\/#website\"},\"primaryImageOfPage\":{\"@id\":\"https:\/\/genesisarg.com\/financiamientosostenible\/el-proyecto\/#primaryimage\"},\"datePublished\":\"2021-02-24T19:17:13+00:00\",\"dateModified\":\"2021-03-09T18:35:27+00:00\",\"description\":\"Este proyecto est\\u00e1 desarrollado por el consorcio conformado por: CARBON TRUST, GENESIS Y MEXICO2 y financiado por el Green Recovery Challenge Fund del UK PACT.\",\"breadcrumb\":{\"@id\":\"https:\/\/genesisarg.com\/financiamientosostenible\/el-proyecto\/#breadcrumb\"},\"inLanguage\":\"en-US\",\"potentialAction\":[{\"@type\":\"ReadAction\",\"target\":[\"https:\/\/genesisarg.com\/financiamientosostenible\/el-proyecto\/\"]}]},{\"@type\":\"BreadcrumbList\",\"@id\":\"https:\/\/genesisarg.com\/financiamientosostenible\/el-proyecto\/#breadcrumb\",\"itemListElement\":[{\"@type\":\"ListItem\",\"position\":1,\"item\":{\"@type\":\"WebPage\",\"@id\":\"https:\/\/genesisarg.com\/financiamientosostenible\/\",\"url\":\"https:\/\/genesisarg.com\/financiamientosostenible\/\",\"name\":\"Home\"}},{\"@type\":\"ListItem\",\"position\":2,\"item\":{\"@type\":\"WebPage\",\"@id\":\"https:\/\/genesisarg.com\/financiamientosostenible\/el-proyecto\/\",\"url\":\"https:\/\/genesisarg.com\/financiamientosostenible\/el-proyecto\/\",\"name\":\"El Proyecto\"}}]}]}<\/script>\n<!-- \/ Yoast SEO plugin. -->","_links":{"self":[{"href":"https:\/\/genesisarg.com\/financiamientosostenible\/wp-json\/wp\/v2\/pages\/7169"}],"collection":[{"href":"https:\/\/genesisarg.com\/financiamientosostenible\/wp-json\/wp\/v2\/pages"}],"about":[{"href":"https:\/\/genesisarg.com\/financiamientosostenible\/wp-json\/wp\/v2\/types\/page"}],"author":[{"embeddable":true,"href":"https:\/\/genesisarg.com\/financiamientosostenible\/wp-json\/wp\/v2\/users\/1"}],"replies":[{"embeddable":true,"href":"https:\/\/genesisarg.com\/financiamientosostenible\/wp-json\/wp\/v2\/comments?post=7169"}],"version-history":[{"count":56,"href":"https:\/\/genesisarg.com\/financiamientosostenible\/wp-json\/wp\/v2\/pages\/7169\/revisions"}],"predecessor-version":[{"id":7436,"href":"https:\/\/genesisarg.com\/financiamientosostenible\/wp-json\/wp\/v2\/pages\/7169\/revisions\/7436"}],"wp:featuredmedia":[{"embeddable":true,"href":"https:\/\/genesisarg.com\/financiamientosostenible\/wp-json\/wp\/v2\/media\/7213"}],"wp:attachment":[{"href":"https:\/\/genesisarg.com\/financiamientosostenible\/wp-json\/wp\/v2\/media?parent=7169"}],"curies":[{"name":"wp","href":"https:\/\/api.w.org\/{rel}","templated":true}]}}