{"id":7287,"date":"2021-03-01T15:39:57","date_gmt":"2021-03-01T15:39:57","guid":{"rendered":"http:\/\/genesisarg.com\/financiamientosostenible\/?page_id=7287"},"modified":"2021-03-09T20:51:14","modified_gmt":"2021-03-09T20:51:14","slug":"hoja-de-ruta-commodities","status":"publish","type":"page","link":"https:\/\/genesisarg.com\/financiamientosostenible\/hoja-de-ruta-commodities\/","title":{"rendered":"Hoja de Ruta Commodities"},"content":{"rendered":"<p>[vc_row disable_element=&#8221;yes&#8221;][vc_column]\n\t\t\t<!-- START Service Slider REVOLUTION SLIDER 6.3.9 --><p class=\"rs-p-wp-fix\"><\/p>\n\t\t\t<rs-module-wrap id=\"rev_slider_3_1_wrapper\" data-source=\"gallery\" style=\"background:transparent;padding:0;margin:0px auto;margin-top:0;margin-bottom:0;max-width:;\">\n\t\t\t\t<rs-module id=\"rev_slider_3_1\" style=\"\" data-version=\"6.3.9\">\n\t\t\t\t\t<rs-slides>\n\t\t\t\t\t\t<rs-slide data-key=\"rs-5\" data-title=\"Slide\" data-anim=\"ei:d;eo:d;s:d;r:0;t:slidehorizontal;sl:d;\" class=\"third_bg_color\">\n\t\t\t\t\t\t\t<img src=\"\/\/genesisarg.com\/financiamientosostenible\/wp-content\/plugins\/revslider\/public\/assets\/assets\/transparent.png\" alt=\"Slide\" title=\"Hoja de Ruta Commodities\" class=\"rev-slidebg\" data-no-retina>\n<!--\n\t\t\t\t\t\t\t--><rs-layer\n\t\t\t\t\t\t\t\tid=\"slider-3-slide-5-layer-1\" \n\t\t\t\t\t\t\t\tdata-type=\"image\"\n\t\t\t\t\t\t\t\tdata-rsp_ch=\"on\"\n\t\t\t\t\t\t\t\tdata-xy=\"x:r;xo:36px;y:72px;\"\n\t\t\t\t\t\t\t\tdata-text=\"l:22;\"\n\t\t\t\t\t\t\t\tdata-dim=\"w:523px;h:264px;\"\n\t\t\t\t\t\t\t\tdata-frame_0=\"tp:600;\"\n\t\t\t\t\t\t\t\tdata-frame_1=\"tp:600;e:power2.inOut;st:500;\"\n\t\t\t\t\t\t\t\tdata-frame_999=\"o:0;tp:600;e:nothing;st:w;\"\n\t\t\t\t\t\t\t\tstyle=\"z-index:5;\"\n\t\t\t\t\t\t\t><img src=\"\/\/genesisarg.com\/financiamientosostenible\/wp-content\/uploads\/revslider\/service_slider\/services_slider.png\" width=\"523\" height=\"264\" data-no-retina> \n\t\t\t\t\t\t\t<\/rs-layer><!--\n\n\t\t\t\t\t\t\t--><rs-layer\n\t\t\t\t\t\t\t\tid=\"slider-3-slide-5-layer-2\" \n\t\t\t\t\t\t\t\tdata-type=\"text\"\n\t\t\t\t\t\t\t\tdata-color=\"rgba(255,255,255,1)\"\n\t\t\t\t\t\t\t\tdata-rsp_ch=\"on\"\n\t\t\t\t\t\t\t\tdata-xy=\"x:65px;y:76px;\"\n\t\t\t\t\t\t\t\tdata-text=\"l:22;\"\n\t\t\t\t\t\t\t\tdata-frame_0=\"tp:600;\"\n\t\t\t\t\t\t\t\tdata-frame_1=\"tp:600;e:power2.inOut;st:500;\"\n\t\t\t\t\t\t\t\tdata-frame_999=\"o:0;tp:600;e:nothing;st:w;\"\n\t\t\t\t\t\t\t\tstyle=\"z-index:6;font-family:Roboto;\"\n\t\t\t\t\t\t\t><div class=\"consulting-rev-title-2\">\nConsulting WP<br\/>\ncTrader platform\n<\/div> \n\t\t\t\t\t\t\t<\/rs-layer><!--\n\n\t\t\t\t\t\t\t--><rs-layer\n\t\t\t\t\t\t\t\tid=\"slider-3-slide-5-layer-3\" \n\t\t\t\t\t\t\t\tdata-type=\"text\"\n\t\t\t\t\t\t\t\tdata-color=\"rgba(255,255,255,1)\"\n\t\t\t\t\t\t\t\tdata-rsp_ch=\"on\"\n\t\t\t\t\t\t\t\tdata-xy=\"x:65px;y:183px;\"\n\t\t\t\t\t\t\t\tdata-text=\"l:22;\"\n\t\t\t\t\t\t\t\tdata-frame_0=\"tp:600;\"\n\t\t\t\t\t\t\t\tdata-frame_1=\"tp:600;e:power2.inOut;st:500;\"\n\t\t\t\t\t\t\t\tdata-frame_999=\"o:0;tp:600;e:nothing;st:w;\"\n\t\t\t\t\t\t\t\tstyle=\"z-index:7;font-family:Roboto;\"\n\t\t\t\t\t\t\t><div class=\"consulting-rev-text-2\">\nFast order entry, ultra-fast execution speeds, direct order entry<br\/> via charts and Level II pricing are just some of the reasons why <br\/>many traders today choose cTrader as their go-to platform.\n<\/div> \n\t\t\t\t\t\t\t<\/rs-layer><!--\n\n\t\t\t\t\t\t\t--><rs-layer\n\t\t\t\t\t\t\t\tid=\"slider-3-slide-5-layer-4\" \n\t\t\t\t\t\t\t\tdata-type=\"text\"\n\t\t\t\t\t\t\t\tdata-color=\"rgba(255,255,255,1)\"\n\t\t\t\t\t\t\t\tdata-rsp_ch=\"on\"\n\t\t\t\t\t\t\t\tdata-xy=\"x:65px;y:283px;\"\n\t\t\t\t\t\t\t\tdata-text=\"l:22;\"\n\t\t\t\t\t\t\t\tdata-frame_0=\"tp:600;\"\n\t\t\t\t\t\t\t\tdata-frame_1=\"tp:600;e:power2.inOut;st:500;\"\n\t\t\t\t\t\t\t\tdata-frame_999=\"o:0;tp:600;e:nothing;st:w;\"\n\t\t\t\t\t\t\t\tstyle=\"z-index:8;font-family:Roboto;\"\n\t\t\t\t\t\t\t><a href=\"#\" class=\"button icon_right bordered theme_style_2\">discover cTrader <i class=\"fa fa-chevron-right\"><\/i><\/a> \n\t\t\t\t\t\t\t<\/rs-layer><!--\n-->\t\t\t\t\t\t<\/rs-slide>\n\t\t\t\t\t\t<rs-slide data-key=\"rs-6\" data-title=\"Slide\" data-anim=\"ei:d;eo:d;s:d;t:slidehorizontal;sl:d;\">\n\t\t\t\t\t\t\t<img src=\"\/\/genesisarg.com\/financiamientosostenible\/wp-content\/plugins\/revslider\/public\/assets\/assets\/transparent.png\" alt=\"Slide\" title=\"Hoja de Ruta Commodities\" class=\"rev-slidebg\" data-no-retina>\n<!--\n\t\t\t\t\t\t\t--><rs-layer\n\t\t\t\t\t\t\t\tid=\"slider-3-slide-6-layer-5\" \n\t\t\t\t\t\t\t\tdata-type=\"image\"\n\t\t\t\t\t\t\t\tdata-rsp_ch=\"on\"\n\t\t\t\t\t\t\t\tdata-xy=\"x:r;\"\n\t\t\t\t\t\t\t\tdata-text=\"l:22;\"\n\t\t\t\t\t\t\t\tdata-dim=\"w:1110px;h:407px;\"\n\t\t\t\t\t\t\t\tdata-frame_0=\"tp:600;\"\n\t\t\t\t\t\t\t\tdata-frame_1=\"tp:600;e:power2.inOut;st:500;sR:500;\"\n\t\t\t\t\t\t\t\tdata-frame_999=\"o:0;tp:600;e:nothing;st:w;sR:8200;\"\n\t\t\t\t\t\t\t\tstyle=\"z-index:5;\"\n\t\t\t\t\t\t\t><img src=\"\/\/genesisarg.com\/financiamientosostenible\/wp-content\/uploads\/revslider\/service_slider\/service.jpg\" width=\"1110\" height=\"407\" data-no-retina> \n\t\t\t\t\t\t\t<\/rs-layer><!--\n\n\t\t\t\t\t\t\t--><rs-layer\n\t\t\t\t\t\t\t\tid=\"slider-3-slide-6-layer-2\" \n\t\t\t\t\t\t\t\tdata-type=\"text\"\n\t\t\t\t\t\t\t\tdata-color=\"rgba(255, 255, 255, 1)\"\n\t\t\t\t\t\t\t\tdata-rsp_ch=\"on\"\n\t\t\t\t\t\t\t\tdata-xy=\"x:65px;y:94px;\"\n\t\t\t\t\t\t\t\tdata-text=\"l:22;\"\n\t\t\t\t\t\t\t\tdata-frame_0=\"tp:600;\"\n\t\t\t\t\t\t\t\tdata-frame_1=\"tp:600;e:power2.inOut;st:500;sR:500;\"\n\t\t\t\t\t\t\t\tdata-frame_999=\"o:0;tp:600;e:nothing;st:w;sR:8200;\"\n\t\t\t\t\t\t\t\tstyle=\"z-index:6;\"\n\t\t\t\t\t\t\t><div class=\"consulting-rev-title-2\">\nInvestors will Love Your Business Plan\n<\/div> \n\t\t\t\t\t\t\t<\/rs-layer><!--\n\n\t\t\t\t\t\t\t--><rs-layer\n\t\t\t\t\t\t\t\tid=\"slider-3-slide-6-layer-3\" \n\t\t\t\t\t\t\t\tdata-type=\"text\"\n\t\t\t\t\t\t\t\tdata-color=\"rgba(255, 255, 255, 1)\"\n\t\t\t\t\t\t\t\tdata-rsp_ch=\"on\"\n\t\t\t\t\t\t\t\tdata-xy=\"x:65px;y:161px;\"\n\t\t\t\t\t\t\t\tdata-text=\"l:22;\"\n\t\t\t\t\t\t\t\tdata-frame_0=\"tp:600;\"\n\t\t\t\t\t\t\t\tdata-frame_1=\"tp:600;e:power2.inOut;st:500;sR:500;\"\n\t\t\t\t\t\t\t\tdata-frame_999=\"o:0;tp:600;e:nothing;st:w;sR:8200;\"\n\t\t\t\t\t\t\t\tstyle=\"z-index:7;\"\n\t\t\t\t\t\t\t><div class=\"consulting-rev-text-2\">\nFast order entry, ultra-fast execution speeds, direct order entry via <br\/>\ncharts and Level II pricing are just some of the reasons why many<br\/>\ntraders today choose cTrader as their go-to platform.\n<\/div> \n\t\t\t\t\t\t\t<\/rs-layer><!--\n\n\t\t\t\t\t\t\t--><rs-layer\n\t\t\t\t\t\t\t\tid=\"slider-3-slide-6-layer-4\" \n\t\t\t\t\t\t\t\tdata-type=\"text\"\n\t\t\t\t\t\t\t\tdata-color=\"rgba(255, 255, 255, 1)\"\n\t\t\t\t\t\t\t\tdata-rsp_ch=\"on\"\n\t\t\t\t\t\t\t\tdata-xy=\"x:65px;y:261px;\"\n\t\t\t\t\t\t\t\tdata-text=\"l:22;\"\n\t\t\t\t\t\t\t\tdata-frame_0=\"tp:600;\"\n\t\t\t\t\t\t\t\tdata-frame_1=\"tp:600;e:power2.inOut;st:500;sR:500;\"\n\t\t\t\t\t\t\t\tdata-frame_999=\"o:0;tp:600;e:nothing;st:w;sR:8200;\"\n\t\t\t\t\t\t\t\tstyle=\"z-index:8;\"\n\t\t\t\t\t\t\t><a href=\"#\" class=\"button icon_right bordered theme_style_2\">learn more <i class=\"fa fa-chevron-right\"><\/i><\/a> \n\t\t\t\t\t\t\t<\/rs-layer><!--\n-->\t\t\t\t\t\t<\/rs-slide>\n\t\t\t\t\t<\/rs-slides>\n\t\t\t\t<\/rs-module>\n\t\t\t\t<script type=\"text\/javascript\">\n\t\t\t\t\tsetREVStartSize({c: 'rev_slider_3_1',rl:[1240,1024,778,480],el:[407],gw:[1110],gh:[407],type:'carousel',justify:'',layout:'fullwidth',mh:\"0\"});\n\t\t\t\t\tvar\trevapi3,\n\t\t\t\t\t\ttpj;\n\t\t\t\t\tfunction revinit_revslider31() {\n\t\t\t\t\tjQuery(function() {\n\t\t\t\t\t\ttpj = jQuery;\n\t\t\t\t\t\trevapi3 = tpj(\"#rev_slider_3_1\");\n\t\t\t\t\t\tif(revapi3==undefined || revapi3.revolution == undefined){\n\t\t\t\t\t\t\trevslider_showDoubleJqueryError(\"rev_slider_3_1\");\n\t\t\t\t\t\t}else{\n\t\t\t\t\t\t\trevapi3.revolution({\n\t\t\t\t\t\t\t\tsliderType:\"carousel\",\n\t\t\t\t\t\t\t\tvisibilityLevels:\"1240,1024,778,480\",\n\t\t\t\t\t\t\t\tgridwidth:1110,\n\t\t\t\t\t\t\t\tgridheight:407,\n\t\t\t\t\t\t\t\thideSliderAtLimit:992,\n\t\t\t\t\t\t\t\tspinner:\"spinner0\",\n\t\t\t\t\t\t\t\tperspectiveType:\"local\",\n\t\t\t\t\t\t\t\teditorheight:\"407,768,960,720\",\n\t\t\t\t\t\t\t\tresponsiveLevels:\"1240,1024,778,480\",\n\t\t\t\t\t\t\t\tprogressBar:{disableProgressBar:true},\n\t\t\t\t\t\t\t\tnavigation: {\n\t\t\t\t\t\t\t\t\tmouseScrollNavigation:true,\n\t\t\t\t\t\t\t\t\tonHoverStop:false,\n\t\t\t\t\t\t\t\t\tbullets: {\n\t\t\t\t\t\t\t\t\t\tenable:true,\n\t\t\t\t\t\t\t\t\t\ttmp:\"\",\n\t\t\t\t\t\t\t\t\t\tstyle:\"hesperiden\",\n\t\t\t\t\t\t\t\t\t\tv_offset:40,\n\t\t\t\t\t\t\t\t\t\tspace:20\n\t\t\t\t\t\t\t\t\t}\n\t\t\t\t\t\t\t\t},\n\t\t\t\t\t\t\t\tfallbacks: {\n\t\t\t\t\t\t\t\t\tallowHTML5AutoPlayOnAndroid:true\n\t\t\t\t\t\t\t\t},\n\t\t\t\t\t\t\t});\n\t\t\t\t\t\t}\n\t\t\t\t\t\t\n\t\t\t\t\t});\n\t\t\t\t\t} \/\/ End of RevInitScript\n\t\t\t\tvar once_revslider31 = false;\n\t\t\t\tif (document.readyState === \"loading\") {document.addEventListener('readystatechange',function() { if((document.readyState === \"interactive\" || document.readyState === \"complete\") && !once_revslider31 ) { once_revslider31 = true; revinit_revslider31();}});} else {once_revslider31 = true; revinit_revslider31();}\n\t\t\t\t<\/script>\n\t\t\t\t<script>\n\t\t\t\t\tvar htmlDivCss = unescape(\"%23rev_slider_3_1_wrapper%20.hesperiden.tp-bullets%20%7B%0A%7D%0A%23rev_slider_3_1_wrapper%20.hesperiden.tp-bullets%3Abefore%20%7B%0A%09content%3A%27%20%27%3B%0A%09position%3Aabsolute%3B%0A%09width%3A100%25%3B%0A%09height%3A100%25%3B%0A%09background%3Atransparent%3B%0A%09padding%3A10px%3B%0A%09margin-left%3A-10px%3Bmargin-top%3A-10px%3B%0A%09box-sizing%3Acontent-box%3B%0A%20%20%20border-radius%3A8px%3B%0A%20%20%0A%7D%0A%23rev_slider_3_1_wrapper%20.hesperiden%20.tp-bullet%20%7B%0A%09width%3A12px%3B%0A%09height%3A12px%3B%0A%09position%3Aabsolute%3B%0A%09background%3A%20%23999999%3B%20%2F%2A%20old%20browsers%20%2A%2F%0A%20%20%20%20background%3A%20-moz-linear-gradient%28top%2C%20%20%23999999%200%25%2C%20%23e1e1e1%20100%25%29%3B%20%2F%2A%20ff3.6%2B%20%2A%2F%0A%20%20%20%20background%3A%20-webkit-linear-gradient%28top%2C%20%20%23999999%200%25%2C%23e1e1e1%20100%25%29%3B%20%2F%2A%20chrome10%2B%2Csafari5.1%2B%20%2A%2F%0A%20%20%20%20background%3A%20-o-linear-gradient%28top%2C%20%20%23999999%200%25%2C%23e1e1e1%20100%25%29%3B%20%2F%2A%20opera%2011.10%2B%20%2A%2F%0A%20%20%20%20background%3A%20-ms-linear-gradient%28top%2C%20%20%23999999%200%25%2C%23e1e1e1%20100%25%29%3B%20%2F%2A%20ie10%2B%20%2A%2F%0A%20%20%20%20background%3A%20linear-gradient%28to%20bottom%2C%20%20%23999999%200%25%2C%23e1e1e1%20100%25%29%3B%20%2F%2A%20w3c%20%2A%2F%0A%20%20%20%20filter%3A%20progid%3Adximagetransform.microsoft.gradient%28%20%0A%20%20%20%20startcolorstr%3D%27%23999999%27%2C%20endcolorstr%3D%27%23e1e1e1%27%2Cgradienttype%3D0%20%29%3B%20%2F%2A%20ie6-9%20%2A%2F%0A%09border%3A3px%20solid%20%23e5e5e5%3B%0A%09border-radius%3A50%25%3B%0A%09cursor%3A%20pointer%3B%0A%09box-sizing%3Acontent-box%3B%0A%7D%0A%23rev_slider_3_1_wrapper%20.hesperiden%20.tp-bullet%3Ahover%2C%0A%23rev_slider_3_1_wrapper%20.hesperiden%20.tp-bullet.selected%20%7B%0A%09background%3A%23666666%3B%0A%7D%0A%23rev_slider_3_1_wrapper%20.hesperiden%20.tp-bullet-image%20%7B%0A%7D%0A%23rev_slider_3_1_wrapper%20.hesperiden%20.tp-bullet-title%20%7B%0A%7D%0A%0A\");\n\t\t\t\t\tvar htmlDiv = document.getElementById('rs-plugin-settings-inline-css');\n\t\t\t\t\tif(htmlDiv) {\n\t\t\t\t\t\thtmlDiv.innerHTML = htmlDiv.innerHTML + htmlDivCss;\n\t\t\t\t\t}else{\n\t\t\t\t\t\tvar htmlDiv = document.createElement('div');\n\t\t\t\t\t\thtmlDiv.innerHTML = '<style>' + htmlDivCss + '<\/style>';\n\t\t\t\t\t\tdocument.getElementsByTagName('head')[0].appendChild(htmlDiv.childNodes[0]);\n\t\t\t\t\t}\n\t\t\t\t<\/script>\n\t\t\t\t<script>\n\t\t\t\t\tvar htmlDivCss = unescape(\"%0A%0A\");\n\t\t\t\t\tvar htmlDiv = document.getElementById('rs-plugin-settings-inline-css');\n\t\t\t\t\tif(htmlDiv) {\n\t\t\t\t\t\thtmlDiv.innerHTML = htmlDiv.innerHTML + htmlDivCss;\n\t\t\t\t\t}else{\n\t\t\t\t\t\tvar htmlDiv = document.createElement('div');\n\t\t\t\t\t\thtmlDiv.innerHTML = '<style>' + htmlDivCss + '<\/style>';\n\t\t\t\t\t\tdocument.getElementsByTagName('head')[0].appendChild(htmlDiv.childNodes[0]);\n\t\t\t\t\t}\n\t\t\t\t<\/script>\n\t\t\t<\/rs-module-wrap>\n\t\t\t<!-- END REVOLUTION SLIDER -->\n[stm_spacing lg_spacing=&#8221;100&#8243; md_spacing=&#8221;80&#8243; sm_spacing=&#8221;70&#8243; xs_spacing=&#8221;0&#8243;][\/vc_column][\/vc_row][vc_row][vc_column el_class=&#8221;blockquote_style_2&#8243;][vc_custom_heading text=&#8221;Hoja de ruta hacia mercados de commodities agr\u00edcolas verdes&#8221; google_fonts=&#8221;font_family:Montserrat%3Aregular%2C700|font_style:700%20bold%20regular%3A700%3Anormal&#8221;][vc_column_text]<span style=\"font-weight: 400;\">El mercado de commodities de granos representa el 34% del PIB de Argentina y el conglomerado integrado de granos representa el 63% de sus exportaciones totales. Los principales productos b\u00e1sicos de Argentina incluyen ma\u00edz, sorgo, soja, girasol y trigo.<\/span><\/p>\n<p><span style=\"font-weight: 400;\">El pa\u00eds cuenta con varias bolsas comerciales en este sector: Rosario Exchange, MATBA-ROFEX y Cereales Exchange. Bajo este resultado, el equipo del proyecto desarrollar\u00e1 una hoja de ruta para ellos que incluye est\u00e1ndares para identificar y caracterizar la producci\u00f3n sostenible de productos b\u00e1sicos y los impactos ambientales asociados.<\/span>[\/vc_column_text][vc_column_text]<\/p>\n<blockquote>\n<p class=\"p1\">Este documento jugar\u00e1 un papel vital para comenzar a ecologizar el sector, demostrando un punto de referencia aplicable para ayudar a las empresas agr\u00edcolas y los inversores a contribuir al desarrollo sostenible a identificar y mitigar los impactos adversos. La hoja de ruta tambi\u00e9n mejorar\u00e1 la divulgaci\u00f3n sobre procedimientos y pr\u00e1cticas de financiamiento y ayudar\u00e1 a fortalecer la sostenibilidad del mercado a largo plazo.<\/p>\n<\/blockquote>\n<p>[\/vc_column_text][vc_btn title=&#8221;Descargar PDF&#8221; style=&#8221;flat&#8221; shape=&#8221;square&#8221; color=&#8221;danger&#8221; size=&#8221;lg&#8221; i_align=&#8221;right&#8221; i_icon_fontawesome=&#8221;far fa-file-pdf&#8221; add_icon=&#8221;true&#8221; el_class=&#8221;btn-small-red d-none&#8221;][stm_spacing lg_spacing=&#8221;100&#8243; md_spacing=&#8221;80&#8243; sm_spacing=&#8221;70&#8243; xs_spacing=&#8221;60&#8243;][\/vc_column][\/vc_row][vc_row full_width=&#8221;stretch_row&#8221; css=&#8221;.vc_custom_1573625850903{background-color: #f2f4fa !important;}&#8221;][vc_column][stm_spacing lg_spacing=&#8221;100&#8243; md_spacing=&#8221;80&#8243; sm_spacing=&#8221;70&#8243; xs_spacing=&#8221;60&#8243;][vc_custom_heading text=&#8221;Otras l\u00edneas de trabajo&#8221; font_container=&#8221;tag:h2|text_align:center&#8221; use_theme_fonts=&#8221;yes&#8221;][stm_spacing lg_spacing=&#8221;20&#8243; md_spacing=&#8221;20&#8243; sm_spacing=&#8221;15&#8243; xs_spacing=&#8221;10&#8243;][vc_row_inner][vc_column_inner el_class=&#8221;otras-lineas-box&#8221; width=&#8221;1\/3&#8243;][stm_info_box style=&#8221;style_7&#8243; title=&#8221;Riesgos Clim\u00e1ticos&#8221; link=&#8221;url:http%3A%2F%2Fgenesisarg.com%2Ffinanciamientosostenible%2Findex.php%2Friesgos-climaticos%2F|title:Saber%20m%C3%A1s&#8221;]Paralelamente al resto de los productos, el equipo del proyecto elaborar\u00e1 un informe a medida sobre los riesgos clim\u00e1ticos y los activos varados.[\/stm_info_box][stm_spacing lg_spacing=&#8221;0&#8243; md_spacing=&#8221;0&#8243; sm_spacing=&#8221;0&#8243; xs_spacing=&#8221;30&#8243;][\/vc_column_inner][vc_column_inner el_class=&#8221;otras-lineas-box&#8221; width=&#8221;1\/3&#8243;][stm_info_box style=&#8221;style_7&#8243; title=&#8221;Instrumento de Deuda Verde&#8221; link=&#8221;url:http%3A%2F%2Fgenesisarg.com%2Ffinanciamientosostenible%2Findex.php%2Finstrumento-de-deuda-verde%2F|title:Saber%20M%C3%A1s&#8221;]Enverdecimiento de instrumentos de deuda a corto plazo de las PYME.[\/stm_info_box][stm_spacing lg_spacing=&#8221;0&#8243; md_spacing=&#8221;0&#8243; sm_spacing=&#8221;0&#8243; xs_spacing=&#8221;30&#8243;][\/vc_column_inner][vc_column_inner el_class=&#8221;otras-lineas-box&#8221; width=&#8221;1\/3&#8243;][stm_info_box style=&#8221;style_7&#8243; title=&#8221;Cursos Financiamiento Sostenible&#8221; link=&#8221;url:http%3A%2F%2Fgenesisarg.com%2Ffinanciamientosostenible%2Findex.php%2Fcursos-financiamiento-sostenible%2F|title:Saber%20M%C3%A1s&#8221;]Creaci\u00f3n y fortalecimiento de conocimientos y capacidades del sector financiero local en finanzas sostenibles.[\/stm_info_box][\/vc_column_inner][\/vc_row_inner][stm_spacing lg_spacing=&#8221;100&#8243; md_spacing=&#8221;80&#8243; sm_spacing=&#8221;70&#8243; xs_spacing=&#8221;60&#8243;][\/vc_column][\/vc_row][vc_row][vc_column][stm_spacing lg_spacing=&#8221;90&#8243; md_spacing=&#8221;80&#8243; sm_spacing=&#8221;70&#8243; xs_spacing=&#8221;60&#8243;][vc_custom_heading text=&#8221;Noticias&#8221; font_container=&#8221;tag:h2|text_align:center&#8221; use_theme_fonts=&#8221;yes&#8221;][stm_news posts_per_row=&#8221;4&#8243;][stm_spacing lg_spacing=&#8221;90&#8243; md_spacing=&#8221;80&#8243; sm_spacing=&#8221;70&#8243; xs_spacing=&#8221;60&#8243;][\/vc_column][\/vc_row]<\/p>\n","protected":false},"excerpt":{"rendered":"<p>[vc_row disable_element=&#8221;yes&#8221;][vc_column][stm_spacing lg_spacing=&#8221;100&#8243; md_spacing=&#8221;80&#8243; sm_spacing=&#8221;70&#8243; xs_spacing=&#8221;0&#8243;][\/vc_column][\/vc_row][vc_row][vc_column el_class=&#8221;blockquote_style_2&#8243;][vc_custom_heading text=&#8221;Hoja de ruta hacia mercados de commodities agr\u00edcolas verdes&#8221; google_fonts=&#8221;font_family:Montserrat%3Aregular%2C700|font_style:700%20bold%20regular%3A700%3Anormal&#8221;][vc_column_text]El mercado de commodities de granos representa el 34% del PIB de Argentina y el conglomerado integrado de granos representa el 63% de sus exportaciones totales. Los principales productos b\u00e1sicos de Argentina incluyen ma\u00edz, sorgo, soja, girasol y trigo.<\/p>\n","protected":false},"author":1,"featured_media":7293,"parent":0,"menu_order":0,"comment_status":"closed","ping_status":"closed","template":"","meta":[],"yoast_head":"<!-- This site is optimized with the Yoast SEO plugin v15.9 - https:\/\/yoast.com\/wordpress\/plugins\/seo\/ -->\n<title>Hoja de Ruta Commodities - Financiamiento Sostenible en Argentina<\/title>\n<meta name=\"description\" content=\"Este documento jugar\u00e1 un papel vital para comenzar a ecologizar el sector, demostrando un punto de referencia aplicable para ayudar a las empresas agr\u00edcolas y los inversores a contribuir al desarrollo sostenible a identificar y mitigar los impactos adversos.\" \/>\n<meta name=\"robots\" content=\"noindex, follow, max-snippet:-1, max-image-preview:large, max-video-preview:-1\" \/>\n<meta property=\"og:locale\" content=\"en_US\" \/>\n<meta property=\"og:type\" content=\"article\" \/>\n<meta property=\"og:title\" content=\"Hoja de Ruta Commodities - Financiamiento Sostenible en Argentina\" \/>\n<meta property=\"og:description\" content=\"Este documento jugar\u00e1 un papel vital para comenzar a ecologizar el sector, demostrando un punto de referencia aplicable para ayudar a las empresas agr\u00edcolas y los inversores a contribuir al desarrollo sostenible a identificar y mitigar los impactos adversos.\" \/>\n<meta property=\"og:url\" content=\"https:\/\/genesisarg.com\/financiamientosostenible\/hoja-de-ruta-commodities\/\" \/>\n<meta property=\"og:site_name\" content=\"Financiamiento Sostenible en Argentina\" \/>\n<meta property=\"article:modified_time\" content=\"2021-03-09T20:51:14+00:00\" \/>\n<meta property=\"og:image\" content=\"https:\/\/genesisarg.com\/financiamientosostenible\/wp-content\/uploads\/2021\/03\/hoja-ruta-commodities.jpg\" \/>\n\t<meta property=\"og:image:width\" content=\"1920\" \/>\n\t<meta property=\"og:image:height\" content=\"900\" \/>\n<meta name=\"twitter:card\" content=\"summary_large_image\" \/>\n<meta name=\"twitter:label1\" content=\"Est. reading time\">\n\t<meta name=\"twitter:data1\" content=\"3 minutes\">\n<script type=\"application\/ld+json\" class=\"yoast-schema-graph\">{\"@context\":\"https:\/\/schema.org\",\"@graph\":[{\"@type\":\"WebSite\",\"@id\":\"https:\/\/genesisarg.com\/financiamientosostenible\/#website\",\"url\":\"https:\/\/genesisarg.com\/financiamientosostenible\/\",\"name\":\"Financiamiento Sostenible en Argentina\",\"description\":\"Para combatir el cambio clim\\u00e1tico y promover la inclusi\\u00f3n\\n\",\"potentialAction\":[{\"@type\":\"SearchAction\",\"target\":\"https:\/\/genesisarg.com\/financiamientosostenible\/?s={search_term_string}\",\"query-input\":\"required name=search_term_string\"}],\"inLanguage\":\"en-US\"},{\"@type\":\"ImageObject\",\"@id\":\"https:\/\/genesisarg.com\/financiamientosostenible\/hoja-de-ruta-commodities\/#primaryimage\",\"inLanguage\":\"en-US\",\"url\":\"https:\/\/genesisarg.com\/financiamientosostenible\/wp-content\/uploads\/2021\/03\/hoja-ruta-commodities.jpg\",\"width\":1920,\"height\":900},{\"@type\":\"WebPage\",\"@id\":\"https:\/\/genesisarg.com\/financiamientosostenible\/hoja-de-ruta-commodities\/#webpage\",\"url\":\"https:\/\/genesisarg.com\/financiamientosostenible\/hoja-de-ruta-commodities\/\",\"name\":\"Hoja de Ruta Commodities - Financiamiento Sostenible en Argentina\",\"isPartOf\":{\"@id\":\"https:\/\/genesisarg.com\/financiamientosostenible\/#website\"},\"primaryImageOfPage\":{\"@id\":\"https:\/\/genesisarg.com\/financiamientosostenible\/hoja-de-ruta-commodities\/#primaryimage\"},\"datePublished\":\"2021-03-01T15:39:57+00:00\",\"dateModified\":\"2021-03-09T20:51:14+00:00\",\"description\":\"Este documento jugar\\u00e1 un papel vital para comenzar a ecologizar el sector, demostrando un punto de referencia aplicable para ayudar a las empresas agr\\u00edcolas y los inversores a contribuir al desarrollo sostenible a identificar y mitigar los impactos adversos.\",\"breadcrumb\":{\"@id\":\"https:\/\/genesisarg.com\/financiamientosostenible\/hoja-de-ruta-commodities\/#breadcrumb\"},\"inLanguage\":\"en-US\",\"potentialAction\":[{\"@type\":\"ReadAction\",\"target\":[\"https:\/\/genesisarg.com\/financiamientosostenible\/hoja-de-ruta-commodities\/\"]}]},{\"@type\":\"BreadcrumbList\",\"@id\":\"https:\/\/genesisarg.com\/financiamientosostenible\/hoja-de-ruta-commodities\/#breadcrumb\",\"itemListElement\":[{\"@type\":\"ListItem\",\"position\":1,\"item\":{\"@type\":\"WebPage\",\"@id\":\"https:\/\/genesisarg.com\/financiamientosostenible\/\",\"url\":\"https:\/\/genesisarg.com\/financiamientosostenible\/\",\"name\":\"Home\"}},{\"@type\":\"ListItem\",\"position\":2,\"item\":{\"@type\":\"WebPage\",\"@id\":\"https:\/\/genesisarg.com\/financiamientosostenible\/hoja-de-ruta-commodities\/\",\"url\":\"https:\/\/genesisarg.com\/financiamientosostenible\/hoja-de-ruta-commodities\/\",\"name\":\"Hoja de Ruta Commodities\"}}]}]}<\/script>\n<!-- \/ Yoast SEO plugin. -->","_links":{"self":[{"href":"https:\/\/genesisarg.com\/financiamientosostenible\/wp-json\/wp\/v2\/pages\/7287"}],"collection":[{"href":"https:\/\/genesisarg.com\/financiamientosostenible\/wp-json\/wp\/v2\/pages"}],"about":[{"href":"https:\/\/genesisarg.com\/financiamientosostenible\/wp-json\/wp\/v2\/types\/page"}],"author":[{"embeddable":true,"href":"https:\/\/genesisarg.com\/financiamientosostenible\/wp-json\/wp\/v2\/users\/1"}],"replies":[{"embeddable":true,"href":"https:\/\/genesisarg.com\/financiamientosostenible\/wp-json\/wp\/v2\/comments?post=7287"}],"version-history":[{"count":6,"href":"https:\/\/genesisarg.com\/financiamientosostenible\/wp-json\/wp\/v2\/pages\/7287\/revisions"}],"predecessor-version":[{"id":7443,"href":"https:\/\/genesisarg.com\/financiamientosostenible\/wp-json\/wp\/v2\/pages\/7287\/revisions\/7443"}],"wp:featuredmedia":[{"embeddable":true,"href":"https:\/\/genesisarg.com\/financiamientosostenible\/wp-json\/wp\/v2\/media\/7293"}],"wp:attachment":[{"href":"https:\/\/genesisarg.com\/financiamientosostenible\/wp-json\/wp\/v2\/media?parent=7287"}],"curies":[{"name":"wp","href":"https:\/\/api.w.org\/{rel}","templated":true}]}}